{"id":64,"date":"2016-02-16T17:30:30","date_gmt":"2016-02-16T16:30:30","guid":{"rendered":"http:\/\/angelblackmaster.altervista.org\/?page_id=64"},"modified":"2019-01-08T10:43:57","modified_gmt":"2019-01-08T10:43:57","slug":"monitoraggi-ambientali","status":"publish","type":"page","link":"https:\/\/tesiasrl.it\/?page_id=64","title":{"rendered":"Monitoraggi Ambientali"},"content":{"rendered":"<h4 style=\"text-align: center;\"><span class=\"titolo_tre\"><strong>MAPPATURE DEI SITI<\/strong> <\/span><\/h4>\n<p style=\"text-align: justify;\">Convinti che una misura puntuale dei campi e.m., quando non relazionata al numero dei canali in funzione nel momento dell\u2019acquisizione e non confrontata con la potenza massima erogabile dalle varie stazioni radiobase, non possa fornire una valida e scientifica possibilit\u00e0 di valutazione della reale entit\u00e0 del campo, ci proponiamo di realizzare una mappatura dei valori di campo elettrico sul territorio comunale e quindi fornire l\u2019individuazione dei punti \u201ccaldi\u201d e delle zone \u201ca rischio\u201d per una localizzazione delle aree su cui \u00e8 necessario eseguire analisi pi\u00f9 approfondite (misure puntuali, misure continue, monitoraggi ambientali, etc.).<br \/>\nLo scopo \u00e8 quello di fornire una conoscenza approfondita dello stato attuale del livello di inquinamento elettromagnetico nel territorio comunale, al fine di:<\/p>\n<ul>\n<li style=\"text-align: justify;\">Individuare le zone pi\u00f9 a rischio per la popolazione;<\/li>\n<li style=\"text-align: justify;\">Consentire agli organi territoriali competenti di rilasciare le dovute autorizzazioni con le indicazioni dei requisiti per le installazioni delle nuove stazioni radiobase;<\/li>\n<li style=\"text-align: justify;\">Avere, da parte degli enti Regionali e Comunali, a disposizione un database aggiornato sulle caratteristiche degli impianti esistenti e dell\u2019andamento dei diagrammi di irradiazione dei campi elettromagnetici generati dalle antenne;<\/li>\n<li style=\"text-align: justify;\">Conoscere i risultati delle interazioni dei campi generati dalle stazioni radiobase dei diversi gestori;<\/li>\n<li style=\"text-align: justify;\">Avere a disposizione i mezzi e le giuste conoscenze per la programmazione sul proprio territorio di un piano di risanamento ambientale come previsto dal decreto n\u00b0 381\/98<\/li>\n<\/ul>\n<p style=\"text-align: justify;\">Tali risultati sono oggi proponibili proprio per la professionalit\u00e0 acquisita dalla nostra struttura operante da anni in tale settore, grazie al contributo di uno staff di professionisti (ingegneri, telecomunicazionisti, fisici, periti, etc.), e forti delle esperienze avute con i ns. clienti, tra i quali possiamo annoverare, ad esempio:<\/p>\n<ul>\n<li style=\"text-align: justify;\">T.I.M.<\/li>\n<li style=\"text-align: justify;\">ITALTEL<\/li>\n<li style=\"text-align: justify;\">TELECOM ITALIA<\/li>\n<li style=\"text-align: justify;\">ALBACOM<\/li>\n<li style=\"text-align: justify;\">BNL<\/li>\n<\/ul>\n<h4 style=\"text-align: center;\"><strong> <span class=\"testo_evidenziato\">Descrizione del lavoro<\/span><\/strong><\/h4>\n<p style=\"text-align: justify;\">Il lavoro proposto pu\u00f2 essere suddiviso in diverse fasi:<\/p>\n<ul>\n<li style=\"text-align: justify;\">Analisi delle caratteristiche degli impianti: tipo, potenza massima sostenuta dal sistema radiante, dimensione dell\u2019antenna, frequenza di utilizzo, numero massimo di portanti previste, tiltaggio dell\u2019antenna, etc., fornite dai gestori degli impianti dietro Vs. richiesta;<\/li>\n<li style=\"text-align: justify;\">Esame dei pattern di antenna orizzontali e verticali, forniti dai gestori, con tracciamento delle isolinee a 20, 6, 4 e 3 V\/m o relativamente a quanto richiesto, attraverso opportuno programma SW messo a punto dalla nostra struttura;<\/li>\n<li style=\"text-align: justify;\">Rilievi altimetrici con indicazione, sulle planimetrie, delle altezze degli edifici in relazione alla quota di centro antenna e della tipologia degli edifici (es.: scuole, ospedali, case di cura, etc.);<\/li>\n<li style=\"text-align: justify;\">Planimetria su CAD in scala 1:5.000, con riportate le linee isocampo delle diverse SRB interessate nell\u2019area considerata;<\/li>\n<li style=\"text-align: justify;\">Sezioni trasversali sui siti pi\u00f9 a rischio con riportate le linee isocampo;<\/li>\n<li style=\"text-align: justify;\">Individuazione dei punti pi\u00f9 significativi completi di fotografie;<\/li>\n<li style=\"text-align: justify;\">Esecuzione delle misure di campo elettrico di fondo;<\/li>\n<\/ul>\n<p><!--more--><\/p>\n<h4 class=\"testo_normale\" style=\"text-align: center;\" align=\"left\"><strong><span class=\"testo_grassetto\">Misure su elettrodotti<\/span><\/strong><\/h4>\n<p class=\"testo_normale\" style=\"text-align: justify;\" align=\"left\">Individuazione dei punti \u201ccaldi\u201d e delle zone \u201ca rischio\u201d ed esecuzione di una serie di opportune misure al fine di valutare il rispetto delle norme attualmente in vigore : DPCM 23\/04\/1992 (Decreto del Presidente del Consiglio dei Ministri) che fissa i &#8220;limiti massimi di esposizione ai campi elettrico e magnetico generati alla frequenza industriale nominale (50 Hz) negli ambienti abitativi e nell&#8217;ambiente esterno&#8221; e DPCM 28.09.1995 ( G.U. n. 232 del 04\/10\/1995) relativo alle: Norme tecniche procedurali di attuazione del decreto del Presidente del Consiglio dei Ministri 23\/04\/1992 per gli elettrodotti.<\/p>\n<p class=\"testo_normale\" style=\"text-align: justify;\" align=\"left\">Il lavoro sar\u00e0 suddiviso in diverse fasi e sar\u00e0 cos\u00ec articolato:<\/p>\n<ul>\n<li class=\"testo_normale\" style=\"text-align: justify;\">Analisi delle caratteristiche degli impianti: tipo, tensione nominale di esercizio, altezza e distanza dell\u2019elettrodotto dal terreno, etc.;<\/li>\n<li class=\"testo_normale\" style=\"text-align: justify;\">Individuazione dei punti pi\u00f9 significativi completi di fotografie;<\/li>\n<li class=\"testo_normale\" style=\"text-align: justify;\">Esecuzione delle misure di campo elettrico\/magnetico di fondo;<\/li>\n<li class=\"testo_normale\" style=\"text-align: justify;\">Misure puntuali nelle aree di maggiore permanenza (attuale e\/o futura);<\/li>\n<li class=\"testo_normale\" style=\"text-align: justify;\">Verifica del rispetto delle altezze dell\u2019elettrodotto e delle distanze di sicurezza cos\u00ec come previsto dalla normativa vigente;<\/li>\n<\/ul>\n<p style=\"text-align: justify;\">L\u2019eventuale punto\/i di maggiore irradiazione dei campi e.m. saranno soggetti di analisi supplementari ed approfondite.<\/p>\n<h4 style=\"text-align: center;\"><strong>Strumentazione utilizzata<\/strong><\/h4>\n<p style=\"text-align: justify;\"><span class=\"testo_normale\">La strumentazione, calibrata e certificata, utilizzata dalla TE.SI.A. S.r.l. per i lavori sopradescritti \u00e8 la seguente:<br \/>\n<\/span><i>Gruppo di continuit\u00e0: AC Power Source<br \/>\nHEWLETT PACKARD mod. 85901A<br \/>\nAntenne: ROD EMCO Mod. 3301B da 30 Hz \u2013 50 MHz<br \/>\nAntenne: Biconiche (da 25-250 MHz)<br \/>\nAntenne: Logperiodiche (250 MHz \u2013 2,7 GHz)<br \/>\nLoop opportuni per ricezione segnali magnetici<br \/>\nTreppiedi ed altri accessori<br \/>\nOscilloscopio Tektronix TDS 220 S\/N: B030226<br \/>\nCavi coassiali RG 58 c\/u MIL M 17\/028<br \/>\nMacchina fotografica digitale CASIO<br \/>\nMisuratore a larga banda PMM 8053 con sonda per rilievi campi magnetici<br \/>\nSonda isotropica per campi elettrici ad alta precisione<br \/>\nSonda isotropica per campi magnetici ad alta precisione<br \/>\nOscilloscopio TEKTRONIX TDS 220 S\/N: B030226<br \/>\nTelemetro Laser<br \/>\nTacheometro<br \/>\nNotebook<br \/>\nSW di gestione progetti: Autocad 2000<br \/>\nSW autoprodotto di individuazione delle curve di isocampo <\/i><\/p>\n<h4 style=\"text-align: center;\"><strong>Referenze specifiche<\/strong><\/h4>\n<p style=\"text-align: justify;\"><span class=\"testo_normale\">La TE.SI.A. S.r.l., \u00e8 una Societ\u00e0 giovane ma che pu\u00f2 contare all\u2019interno del suo staff di personale che lavora ed ha lavorato per importanti gruppi di telecomunicazioni relativamente ai problemi della sicurezza nel settore delle radiofrequenze e microonde, in particolare nella telefonia radiomobile.<br \/>\nSi vuole presentare solo alcuni dei lavori svolti dal suddetto personale:<\/span><\/p>\n<ul>\n<li style=\"text-align: justify;\"><span class=\"testo_normale\">Studio sulla pericolosit\u00e0 delle irradiazioni elettromagnetiche provenienti dai sistemi di telefonia cellulare TACS e GSM per conto di Telecom Italia Mobile S.p.A. <\/span><\/li>\n<li style=\"text-align: justify;\"><span class=\"testo_normale\">Studio sulla pericolosit\u00e0 delle irradiazioni elettromagnetiche nel sistema DCS per conto di ITALTEL S.p.A.<\/span><\/li>\n<li style=\"text-align: justify;\"><span class=\"testo_normale\">Relazioni tecnico-sanitarie di stazioni per il servizio pubblico di telefonia radiomobile per conto TIM S.p.A.<\/span><\/li>\n<li style=\"text-align: justify;\"><span class=\"testo_normale\">Relazioni tecnico-sanitarie per il servizio pubblico di telefonia radiomobile per conto NORTEL S.p.A. relativa alle SRB da installare nella citt\u00e0 di Palermo<\/span><\/li>\n<li style=\"text-align: justify;\"><span class=\"testo_normale\">Misure e relazione tecnica per conto del C.T.U. della Procura della Repubblica di Enna relativa agli impianti televisivi e di telefonia presenti c\/o Montesalvo \u2013 Enna<\/span><\/li>\n<li style=\"text-align: justify;\"><span class=\"testo_normale\">Verifiche delle tenute di gabbie di Faraday<\/span><\/li>\n<li style=\"text-align: justify;\"><span class=\"testo_normale\">Valutazione dei campi e.m. prodotti dalle apparecchiature presenti c\/o le Ferrovie dello Stato (1999) e progetto sistema schermante<\/span><\/li>\n<li style=\"text-align: justify;\"><span class=\"testo_normale\">Relazione tecnica relativa alla valutazione dei campi e.m. emessi dalle apparecchiature presenti c\/o il poligrafico Zecca dello Stato<\/span><\/li>\n<li style=\"text-align: justify;\"><span class=\"testo_normale\">Valutazione dei campi magnetici prodotti dagli elettrodotti M.T. per conto della II Universit\u00e0 \u201cTOR VERGATA\u201d Roma<\/span><\/li>\n<li style=\"text-align: justify;\"><span class=\"testo_normale\">Misura e valutazione dei campi elettromagnetici emessi dal ripetitore cellulare installato presso il complesso \u201cLa Romanina\u201d per conto della II Universit\u00e0 \u201cTOR VERGATA\u201d Roma<\/span><\/li>\n<li style=\"text-align: justify;\"><span class=\"testo_normale\">Misura e valutazione dei campi elettromagnetici emessi dal ripetitore a RF della ALBACOM sito sulla sede della BNL Roma Sud <\/span><\/li>\n<\/ul>\n","protected":false},"excerpt":{"rendered":"<p>MAPPATURE [&hellip;]<\/p>\n","protected":false},"author":3,"featured_media":542,"parent":0,"menu_order":0,"comment_status":"closed","ping_status":"closed","template":"","meta":{"footnotes":""},"class_list":["post-64","page","type-page","status-publish","has-post-thumbnail","hentry"],"_links":{"self":[{"href":"https:\/\/tesiasrl.it\/index.php?rest_route=\/wp\/v2\/pages\/64","targetHints":{"allow":["GET"]}}],"collection":[{"href":"https:\/\/tesiasrl.it\/index.php?rest_route=\/wp\/v2\/pages"}],"about":[{"href":"https:\/\/tesiasrl.it\/index.php?rest_route=\/wp\/v2\/types\/page"}],"author":[{"embeddable":true,"href":"https:\/\/tesiasrl.it\/index.php?rest_route=\/wp\/v2\/users\/3"}],"replies":[{"embeddable":true,"href":"https:\/\/tesiasrl.it\/index.php?rest_route=%2Fwp%2Fv2%2Fcomments&post=64"}],"version-history":[{"count":6,"href":"https:\/\/tesiasrl.it\/index.php?rest_route=\/wp\/v2\/pages\/64\/revisions"}],"predecessor-version":[{"id":554,"href":"https:\/\/tesiasrl.it\/index.php?rest_route=\/wp\/v2\/pages\/64\/revisions\/554"}],"wp:featuredmedia":[{"embeddable":true,"href":"https:\/\/tesiasrl.it\/index.php?rest_route=\/wp\/v2\/media\/542"}],"wp:attachment":[{"href":"https:\/\/tesiasrl.it\/index.php?rest_route=%2Fwp%2Fv2%2Fmedia&parent=64"}],"curies":[{"name":"wp","href":"https:\/\/api.w.org\/{rel}","templated":true}]}}