{"id":447,"date":"2016-04-22T09:35:15","date_gmt":"2016-04-22T09:35:15","guid":{"rendered":"http:\/\/tesiasrl.it\/?page_id=447"},"modified":"2021-01-25T16:13:30","modified_gmt":"2021-01-25T16:13:30","slug":"controlli-di-qualita","status":"publish","type":"page","link":"https:\/\/tesiasrl.it\/?page_id=447","title":{"rendered":"Controlli di Qualit\u00e0"},"content":{"rendered":"<p style=\"text-align: justify;\">La normativa italiana (Allegato XI D.Lgs n\u00b0 47 del 2472\/1997 \u2013 relativa all\u2019<strong>Attuazione della direttiva 93\/42\/CEE, concernente i dispositivi medici<\/strong>) <strong>non ammette, <\/strong>come organismi notificati a svolgere le attivit\u00e0 di verifica e controllo sulle apparecchiature medicali, <strong>n\u00e9 i costruttori, n\u00e9 i fornitori, n\u00e9 gli installatori\/manutentori e, tanto meno, gli utilizzatori stessi.<\/strong><\/p>\n<p><strong>\u00a0<\/strong><\/p>\n<p style=\"text-align: justify;\">Di conseguenza, per una corretta applicazione della normativa richiamata, occorre disporre di una Societ\u00e0 \u201cterza\u201d, completamente svincolata dalla costruzione, fornitura, installazione\/manutenzione e gestione delle apparecchiature in questione.<\/p>\n<p style=\"text-align: justify;\">Grazie allo staff di professionisti, alla strumentazione posseduta ed alle qualifiche del proprio personale, la societ\u00e0 <strong>Te.Si.A. Srl <\/strong>\u00e8 in grado di assicurare, ad un elevato livello, il servizio del controllo di qualit\u00e0 su:<\/p>\n<ul>\n<li>tutte le <a href=\"https:\/\/tesiasrl.it\/controlli-di-qualita-apparecchiature-rx\/\">apparecchiature RX<\/a> (TAC, MOC, RX Tradizionali, Mammografi, OPT, Emodinamiche, ecc.);<\/li>\n<li>tutte le <a href=\"https:\/\/tesiasrl.it\/controlli-di-qualita-apparecchiature-rx\/\">apparecchiature di Medicina Nucleare<\/a> (Gammacamere e PET)<\/li>\n<li>le <a href=\"https:\/\/tesiasrl.it\/controlli-di-qualita-rm\/\">Risonanze Magnetiche<\/a><\/li>\n<li>gli <a href=\"https:\/\/tesiasrl.it\/controlli-qualita-in-ecografia\/\">Ecografi<\/a><\/li>\n<\/ul>\n<p>con un intervento diretto sulle apparecchiature operato da parte del ns. personale.<\/p>\n<p>In dipendenza del tipo di apparecchiatura o sorgente, vengono predisposti specifici protocolli in grado di assicurare quanto previsto dal D.Lgs. 101\/2020.<\/p>\n","protected":false},"excerpt":{"rendered":"<p>La [&hellip;]<\/p>\n","protected":false},"author":3,"featured_media":566,"parent":0,"menu_order":0,"comment_status":"closed","ping_status":"closed","template":"","meta":{"footnotes":""},"class_list":["post-447","page","type-page","status-publish","has-post-thumbnail","hentry"],"_links":{"self":[{"href":"https:\/\/tesiasrl.it\/index.php?rest_route=\/wp\/v2\/pages\/447","targetHints":{"allow":["GET"]}}],"collection":[{"href":"https:\/\/tesiasrl.it\/index.php?rest_route=\/wp\/v2\/pages"}],"about":[{"href":"https:\/\/tesiasrl.it\/index.php?rest_route=\/wp\/v2\/types\/page"}],"author":[{"embeddable":true,"href":"https:\/\/tesiasrl.it\/index.php?rest_route=\/wp\/v2\/users\/3"}],"replies":[{"embeddable":true,"href":"https:\/\/tesiasrl.it\/index.php?rest_route=%2Fwp%2Fv2%2Fcomments&post=447"}],"version-history":[{"count":5,"href":"https:\/\/tesiasrl.it\/index.php?rest_route=\/wp\/v2\/pages\/447\/revisions"}],"predecessor-version":[{"id":1152,"href":"https:\/\/tesiasrl.it\/index.php?rest_route=\/wp\/v2\/pages\/447\/revisions\/1152"}],"wp:featuredmedia":[{"embeddable":true,"href":"https:\/\/tesiasrl.it\/index.php?rest_route=\/wp\/v2\/media\/566"}],"wp:attachment":[{"href":"https:\/\/tesiasrl.it\/index.php?rest_route=%2Fwp%2Fv2%2Fmedia&parent=447"}],"curies":[{"name":"wp","href":"https:\/\/api.w.org\/{rel}","templated":true}]}}