{"id":382,"date":"2016-04-20T12:43:23","date_gmt":"2016-04-20T12:43:23","guid":{"rendered":"http:\/\/tesiasrl.it\/?page_id=382"},"modified":"2021-03-18T13:55:27","modified_gmt":"2021-03-18T13:55:27","slug":"esposizione-dei-lavoratori-ai-campi-elettromagnetici","status":"publish","type":"page","link":"https:\/\/tesiasrl.it\/?page_id=382","title":{"rendered":"Esposizione dei Lavoratori ai Campi Elettromagnetici"},"content":{"rendered":"<p class=\"titolo_due\" align=\"center\"><strong>Esposizione dei LAVORATORI ai Campi Elettromagnetici<\/strong><\/p>\n<p style=\"text-align: justify;\" align=\"justify\"><strong><span class=\"titolo_tre\">La Normativa di Riferimento<\/span><\/strong><br \/>\n<span class=\"testo_normale\">Il nuovo D.M. 10\/08\/2018 fissa i limiti di esposizione dei campi elettromagnetici, in funzione della frequenza, a cui possono essere esposti i <strong>Lavoratori<\/strong>.<\/span><\/p>\n<p style=\"text-align: justify;\"><strong><span class=\"titolo_tre\">Il servizio<\/span><\/strong><span class=\"testo_normale\"><br \/>\nIl nostro gruppo, grazie ad uno staff di Ingegneri specializzati, \u00e8 in grado di fornire alle aziende un servizio, altamente qualificato e professionale, di misure cos\u00ec come previsto dal nuovo decreto (Analisi delle frequenze e successiva misurazione dell&#8217;intensit\u00e0 dei campi elettromagnetici), fornendo, in caso di superamento dei limiti, soluzioni progettuali.<\/span><\/p>\n<p style=\"text-align: justify;\">Grazie al settore Ricerca e Sviluppo, il nostro gruppo ha messo a punto diversi sistemi di misura per settori specifici, unici nel loro genere, quali, per esempio, le misure dei campi elettromagnetici derivanti da apparati radar (<a href=\"http:\/\/www.aitech.rm.it\/ramoss.htm\" target=\"_blank\" rel=\"noopener\">sistema Ra.Mo.S.S.<\/a>) e per i campi magnetici statici a cui sono esposti gli operatori delle Risonanze Magnetiche (<a href=\"https:\/\/tesiasrl.it\/ma-fi-s-s-dispositivo-rilevatore-campi-magnetici-statici\/\" target=\"_blank\" rel=\"noopener\">Sistema Ma.Fi.S.S.<\/a>).<\/p>\n<p style=\"text-align: justify;\"><span class=\"titolo_tre\">Aziende interessate dal Decreto<br \/>\n<\/span><span class=\"testo_normale\">Il decreto, tenuto conto del vasto campo di applicazione (0 Hz &#8211; 300 GHz), coinvolge tutte quelle strutture (pubbliche e private), che hanno apparati che, sia intenzionalmente che non, emettono campi elettromagnetici.<br \/>\nEsempi di radiatori intenzionali e non sono:<\/span><\/p>\n<table border=\"1\" width=\"100%\">\n<tbody>\n<tr valign=\"middle\">\n<td class=\"testo_normale\" style=\"width: 271px; border-color: #ffffff; height: 40px;\" height=\"40\">Equipaggiamenti ad induzione<\/td>\n<td class=\"testo_normale\" style=\"width: 271px; border-color: #ffffff; height: 40px;\" height=\"40\">\u00a0Apparati dielettrici di riscaldamento a RF<\/td>\n<\/tr>\n<tr valign=\"middle\">\n<td class=\"testo_normale\" style=\"width: 271px; border-color: #ffffff; height: 40px;\" height=\"40\">Forni a microonde<\/td>\n<td class=\"testo_normale\" style=\"width: 271px; border-color: #ffffff; height: 40px;\" height=\"40\">Monitor<\/td>\n<\/tr>\n<tr valign=\"middle\">\n<td class=\"testo_normale\" style=\"width: 271px; border-color: #ffffff; height: 40px;\" height=\"40\">Trasformatori per PC ed apparati vari<\/td>\n<td class=\"testo_normale\" style=\"width: 271px; border-color: #ffffff; height: 40px;\" height=\"40\">Gruppi di continuit\u00e0<\/td>\n<\/tr>\n<tr valign=\"middle\">\n<td class=\"testo_normale\" style=\"width: 271px; border-color: #ffffff; height: 40px;\" height=\"40\">Strumenti Biomedicali e di fisioterapia<\/td>\n<td class=\"testo_normale\" style=\"width: 271px; border-color: #ffffff; height: 40px;\" height=\"40\">Risonanze Magnetiche (elevati campi magnetici statici)<\/td>\n<\/tr>\n<tr valign=\"middle\">\n<td class=\"testo_normale\" style=\"width: 271px; border-color: #ffffff; height: 40px;\" height=\"40\">Apparati Radar<\/td>\n<td class=\"testo_normale\" style=\"width: 271px; border-color: #ffffff; height: 40px;\" height=\"40\">Quadri Elettrici<\/td>\n<\/tr>\n<tr valign=\"middle\">\n<td class=\"testo_normale\" style=\"width: 271px; border-color: #ffffff; height: 40px;\" height=\"40\">Apparati Wireless (Access Point utilizzati nelle Lan Aziendali, negli Hotel, nelle Stazioni ecc.)<\/td>\n<td class=\"testo_normale\" style=\"width: 271px; border-color: #ffffff; height: 40px;\" height=\"40\">\u00a0Apparecchiature varie elettrificate impegate nelle industrie<\/td>\n<\/tr>\n<\/tbody>\n<\/table>\n<p align=\"justify\"><a href=\"https:\/\/tesiasrl.it\/PDF\/9_Esposizione_Campi_Elettromagnetici.pdf\" target=\"_blank\" rel=\"noopener\">Brochure Esposizione ai Campi Elettromagnetici<br \/>\n<\/a><\/p>\n<p align=\"justify\"><a href=\"https:\/\/tesiasrl.it\/PDF\/2_Servizio_di_Esperto_Responsabile.pdf\" target=\"_blank\" rel=\"noopener\">Brochure servizio Esperto Responsabile<\/a><\/p>\n","protected":false},"excerpt":{"rendered":"<p>Esposizione [&hellip;]<\/p>\n","protected":false},"author":3,"featured_media":545,"parent":0,"menu_order":0,"comment_status":"closed","ping_status":"closed","template":"","meta":{"footnotes":""},"class_list":["post-382","page","type-page","status-publish","has-post-thumbnail","hentry"],"_links":{"self":[{"href":"https:\/\/tesiasrl.it\/index.php?rest_route=\/wp\/v2\/pages\/382","targetHints":{"allow":["GET"]}}],"collection":[{"href":"https:\/\/tesiasrl.it\/index.php?rest_route=\/wp\/v2\/pages"}],"about":[{"href":"https:\/\/tesiasrl.it\/index.php?rest_route=\/wp\/v2\/types\/page"}],"author":[{"embeddable":true,"href":"https:\/\/tesiasrl.it\/index.php?rest_route=\/wp\/v2\/users\/3"}],"replies":[{"embeddable":true,"href":"https:\/\/tesiasrl.it\/index.php?rest_route=%2Fwp%2Fv2%2Fcomments&post=382"}],"version-history":[{"count":11,"href":"https:\/\/tesiasrl.it\/index.php?rest_route=\/wp\/v2\/pages\/382\/revisions"}],"predecessor-version":[{"id":1233,"href":"https:\/\/tesiasrl.it\/index.php?rest_route=\/wp\/v2\/pages\/382\/revisions\/1233"}],"wp:featuredmedia":[{"embeddable":true,"href":"https:\/\/tesiasrl.it\/index.php?rest_route=\/wp\/v2\/media\/545"}],"wp:attachment":[{"href":"https:\/\/tesiasrl.it\/index.php?rest_route=%2Fwp%2Fv2%2Fmedia&parent=382"}],"curies":[{"name":"wp","href":"https:\/\/api.w.org\/{rel}","templated":true}]}}