{"id":352,"date":"2016-04-20T14:40:44","date_gmt":"2016-04-20T14:40:44","guid":{"rendered":"http:\/\/tesiasrl.it\/?page_id=352"},"modified":"2023-11-27T10:29:10","modified_gmt":"2023-11-27T10:29:10","slug":"corso-eq","status":"publish","type":"page","link":"https:\/\/tesiasrl.it\/?page_id=352","title":{"rendered":"Corso Esperto di Radioprotezione"},"content":{"rendered":"<p align=\"center\">\u00a0<\/p>\n<p class=\"titolo_tre\" align=\"center\"><span class=\"titolo_uno\" style=\"font-size: 14pt;\">SCUOLA PREPARATORIA PER L&#8217;ABILITAZIONE E L&#8217;AGGIORNAMENTO DEGLI ESPERTI DI RADIOPROTEZIONE &#8211; SpEQu<br \/><\/span><span style=\"font-size: 10pt;\"><em>fondata da:\u00a0 G. Cucchi e G. Sardo<\/em><\/span><\/p>\n<p class=\"titolo_tre\" align=\"center\">\u00a0<\/p>\n<p class=\"titolo_tre\" align=\"center\"><span class=\"titolo_uno\"><em><span style=\"color: #003366;\">in collaborazione con ANPEQ<\/span><\/em><\/span><\/p>\n<p class=\"titolo_tre\" align=\"center\"><span class=\"titolo_uno\"><em><span style=\"color: #003366;\">richiesto il patrocinio\u00a0<\/span><\/em><\/span><span class=\"titolo_uno\"><em><span style=\"color: #003366;\">di<\/span><\/em><\/span><\/p>\n<p class=\"titolo_tre\" align=\"center\"><span class=\"titolo_uno\"><em><span style=\"color: #003366;\">C.N.R. e INFN &#8211; Laboratori Nazionali del Sud<\/span><\/em><\/span><\/p>\n<p class=\"titolo_tre\" align=\"center\"><span class=\"titolo_uno\"><em><span style=\"color: #003366;\">DIN-Alma Mater Studiorum &#8211; Universit\u00e0 di Bologna.<\/span><\/em><\/span><\/p>\n<p align=\"center\">\u00a0<\/p>\n<p style=\"text-align: center;\"><span class=\"titolo_due\">51\u00b0 CORSO<br \/><\/span><\/p>\n<p style=\"text-align: center;\"><strong>09\/11 ottobre 2023 per il 1\u00b0 e 2\u00b0 grado<\/strong><\/p>\n<p class=\"titolo_tre\" align=\"center\"><span class=\"titolo_due\"><strong>12\/13 ottobre 2023 per il 3\u00b0 grado e per il 3\u00b0 grado sanitario<\/strong><br \/><\/span><span class=\"titolo_uno\"><span style=\"color: #003366;\">BOLOGNA \u2013 <a href=\"https:\/\/tesiasrl.it\/PDF\/CorsoEQ\/piantina.pdf\" target=\"_blank\" rel=\"noopener noreferrer\">Area della ricerca C.N.R. Via Piero Gobetti,101<\/a><\/span><\/span><\/p>\n<p style=\"text-align: center;\"><strong>Direttore: Giorgio Cucchi <\/strong><em>(<\/em><a href=\"mailto:giorgio.cucchi@mail.ing.unibo.it\">giorgio.cucchi@unibo.it<\/a>)<br \/><strong><em>Segretario Generale Onorario dell&#8217;ANPEQ<br \/><\/em><\/strong>c\/o DIN &#8211; Universit\u00e0 degli Studi &#8211; 40136 BOLOGNA &#8211; Via dei Colli n. 16<br \/>Tel. 051.2087716 &#8211; Fax 051.2087747 &#8211; Mobile\u00a0 335.397539<\/p>\n<p>Docenti: <span class=\"testo_evidenziato\">Giorgio CUCCHI<\/span>, <span class=\"testo_evidenziato\">Saverio CAZZOLI, Silvano CAZZOLI, Luigi FRITTELLI, Lorenzo ISOLAN, Daniele NUCCI<br \/><\/span><\/p>\n<p style=\"text-align: center;\">Organizzazione: <strong><em>SpEQu \u2013 Scuola preparatoria per Esperti Qualificati<\/em><\/strong><\/p>\n<p class=\"testo_normale\" align=\"center\"><span class=\"testo_evidenziato\">Amministrazione: TE.SI.A. Srl \u2013 <em>Tecnologie e Sinergie Applicate<\/em><\/span><br \/>00137 ROMA &#8211; Via A. De Stefani n\u00b0 60<br \/>Tel. 06-82.00.45.15\/82.00.06.29<br \/>E-Mail: <a href=\"mailto:tesiasrl@tesiasrl.it\">tesiasrl@tesiasrl.it<\/a> \u2013 <a href=\"https:\/\/tesiasrl.it\" target=\"_blank\" rel=\"noopener noreferrer\">tesiasrl.it<\/a><\/p>\n<p class=\"testo_normale\" align=\"justify\">La &#8220;scuola preparatoria per l\u2019abilitazione degli Esperti di Radioprotezione&#8221; si rivolge a persone che hanno gi\u00e0 un buon bagaglio culturale nel settore tecnico-scientifico in quanto, all\u2019esame di abilitazione al primo e secondo grado, vengono ammessi solo candidati in possesso di laurea o diploma universitario in fisica, chimica, chimica industriale, ingegneria, mentre per l\u2019ammissione al terzo grado \u00e8 richiesto il possesso della laurea in fisica, chimica, chimica industriale, ingegneria.<br \/>Dall\u2019anno 2002 e fino al 31 dicembre 2022, per essere ammessi a sostenere l\u2019esame \u00e8 stato <em>\u00e8 stato necessario anche avere effettuato un periodo di tirocinio di almeno 120 gg lavorativi per ogni grado o essere in possesso di diploma di specializzazione in fisica sanitaria<\/em>.<\/p>\n<p><strong><em>Con l\u2019entrata in vigore in data 01 gennaio 2023 del D.M. emesso dal Ministero del lavoro in applicazione dell\u2019art. 129 comma 4 del D. Lgs. 101\/20, il candidato per essere ammesso all\u2019esame dal 2024 in poi dovr\u00e0 avere sostenuto un master universitario comprendente anche un periodo di tirocinio o essere in possesso di specializzazione in fisica sanitaria.\u00a0 In proposito si rimanda all\u2019art. 8 del D.M, citato.<\/em><\/strong><\/p>\n<p><strong><em><u>Questo 51\u00b0 corso della scuola \u00e8 rivolto perci\u00f2 a persone non abilitate ma gi\u00e0 in attesa di essere convocate per l\u2019esame nel corso del 2023 oltre che agli Esperti di Radioprotezione per l\u2019aggiornamento professionale previsto nel D. Lgs. 101\/20.<\/u><\/em><\/strong><\/p>\n<p class=\"testo_normale\" align=\"justify\">Il corso \u00e8 destinato anche a chi desidera approfondire la materia (in particolare esperti della sicurezza e dirigenti del S.S.N.) o \u00e8 tenuto ad approfondirla in relazione al suo ruolo istituzionale, in particolare al personale ispettivo dello Stato e degli Enti Locali e al personale degli Enti di Previdenza.<\/p>\n<p style=\"text-align: center;\" align=\"justify\"><strong>Direttore: Prof. Ing. Giorgio CUCCHI<\/strong><\/p>\n<p style=\"text-align: center;\" align=\"justify\"><strong>Organizzazione scientifica: Dott. Ing. Silvano CAZZOLI<\/strong><\/p>\n<p style=\"text-align: center;\" align=\"justify\"><strong>Docenti: <\/strong><br \/><strong><span class=\"testo_evidenziato\">Saverio CAZZOLI, Silvano CAZZOLI, Giorgio CUCCHI, Luigi FRITTELLI, Lorenzo ISOLAN, Daniele NUCCI<\/span><\/strong><\/p>\n<p class=\"testo_normale\" style=\"text-align: justify;\" align=\"justify\"><strong>Prof. Ing. Giorgio Cucchi<\/strong><br \/>Gi\u00e0 membro della Commissione di esame per l\u2019abilitazione degli Esperti Qualificati e Responsabile del Coordinamento degli Esperti qualificati dell&#8217;ENEA.<br \/>Fondatore del FORUM di RADIOPROTEZIONE di Ortisei (BZ).<br \/>Segretario Generale Onorario Associazione Nazionale Professionale Esperti Qualificati.<br \/>Ingegnere nucleare ed Esperto qualificato di terzo Grado.<br \/>Direttore Scuola preparatoria per l\u2019abilitazione degli Esperti qualificati\/ di Radioprotezione (SpEQu).<br \/>National Contact Point for Italy \u2013 E.U. EUTERP Foundation<\/p>\n<p style=\"text-align: justify;\"><strong>Dott. Luigi Frittelli<\/strong><br \/>Gi\u00e0 membro della Commissione di esame per l\u2019abilitazione degli Esperti Qualificati\/ di Radioprotezione. Esperto qualificato di terzo Grado, gi\u00e0 dirigente ENEA.<br \/>Gi\u00e0 Vice Presidente Associazione Nazionale Professionale Esperti Qualificati.<\/p>\n<p style=\"text-align: justify;\"><strong>Dott. Ing. Silvano Cazzoli<\/strong><br \/>Ingegnere nucleare ed Esperto Qualificato\/ di Radioprotezione di terzo grado<br \/>Presidente Onorario dell\u2019Associazione Nazionale Professionale Esperti Qualificati<\/p>\n<p style=\"text-align: justify;\"><strong>Dott. Daniele Nucci<\/strong><br \/>Consigliere Nazionale dell\u2019ANPEQ, Coordinatore della Commissione per il recepimento della Direttiva 213\/59\/Euratom ed Esperto Qualificato\/ di Radioprotezione di secondo grado. Esperto qualificato\/ di Radioprotezione dell\u2019Universit\u00e0 di Siena e di GSK Vaccines Siena. Direttore Accademia ANPEQ per la formazione degli esperti qualificati\/ di Radioprotezione<\/p>\n<p><strong>Dott. Saverio Cazzoli<\/strong><br \/>Laureato in Chimica Industriale ed Esperto Qualificato\/ di Radioprotezione di terzo grado<\/p>\n<p><strong>Dott. Lorenzo Isolan<\/strong><br \/>Laureato magistrale in Ingegneria energetica ed Esperto qualificato\/ di Radioprotezione di terzo Grado.<\/p>\n<p style=\"text-align: justify;\">Il personale docente rimarr\u00e0 presso la scuola per tutte le ore di insegnamento previste a disposizione degli iscritti. Le lezioni prevedono anche ampio spazio per la discussione e le domande. Saranno distribuite dispense scritte relative ad ogni argomento trattato.<\/p>\n<p style=\"text-align: center;\">SPONSOR:<\/p>\n<p align=\"justify\">\u00a0<\/p>\n<p class=\"testo_normale\" align=\"justify\"><span class=\"titolo_tre\">Articolazione e contenuti<\/span><\/p>\n<p>Il corso completo, che comprende i tre gradi, \u00e8 costituito da 41 ore di lezione suddivise secondo i seguenti moduli:<\/p>\n<p>A) Programma relativo all\u2019abilitazione di 1\u00b0 grado: 15 ore<br \/>B) Programma relativo al passaggio dal 1\u00b0 al 2\u00b0 grado: 12 ore<br \/>C) Programma relativo al passaggio dal 2\u00b0 al 3\u00b0 grado e al 3\u00b0 grado sanitario: 14 ore<br \/>D) Programma relativo al 1\u00b0 e 2\u00b0 grado (A+B): 27 ore<br \/>E) Programma relativo al 2\u00b0 e 3\u00b0 grado (B+C): 26 ore<br \/>F) Programma relativo al 1\u00b0, 2\u00b0 e 3\u00b0 grado (A+B+C): 41 ore<\/p>\n<p style=\"text-align: justify;\">Le materie che vengono insegnate riguardano il \u00abContenuto dell\u2019esame per l\u2019iscrizione, rispettivamente, nel primo o nel secondo o nel terzo grado di abilitazione dell\u2019elenco degli Esperti di Radioprotezione\u00bb. Anche l\u2019aggiornamento professionale si prefigge di approfondire e aggiornare le stesse materie.<\/p>\n<p style=\"text-align: justify;\">L\u2019insegnamento, che viene impartito da docenti tra i pi\u00f9 validi, fra i quali anche due membri della passata commissione di esame, non ha la pretesa di essere da solo sufficiente a garantire il superamento dell\u2019esame se il candidato non \u00e8 gi\u00e0 in possesso di un\u2019adeguata preparazione di base.<\/p>\n<p style=\"text-align: justify;\">Durante il corso verranno mostrati anche alcuni degli strumenti di misura impiegati nello svolgimento della professione dell\u2019Esperto di Radioprotezione, al fine di concretizzare quanto appreso nella sezione teorica e saranno distribuite dispense scritte relative ad ogni argomento.<\/p>\n<p style=\"text-align: justify;\">Gli iscritti ai corsi della Scuola preparatoria vengono seguiti fino all\u2019esame di abilitazione e la loro preparazione viene testata prima dell\u2019esame, a richiesta degli interessati, da parte di uno dei docenti che effettua una \u201csimulazione di esame\u201d, abitualmente di un paio di ore\/persona.<\/p>\n<p style=\"text-align: justify;\">La scuola, rivolta a tutti coloro che debbano prepararsi all\u2019esame di abilitazione per l&#8217;iscrizione nell\u2019elenco degli Esperti di Radioprotezione nel corso dell&#8217;anno 2023 o a coloro che, gi\u00e0 in possesso del titolo, desiderino effettuare l&#8217;aggiornamento professionale di cui al D.Lgs. 101\/20 o desiderino sostenere il passaggio al grado superiore, \u00e8 amministrata dalla TE.SI.A. Srl, struttura operante da anni nel settore della radioprotezione.<\/p>\n<p>Anche questa volta le lezioni verranno tenute con le modalit\u00e0 di docenza a distanza, come \u00e8 avvenuto per gli ultimi corsi.<\/p>\n<p><span class=\"titolo_tre\">Quota di adesione<br \/><\/span><br \/>Le quote di adesione per ciascun modulo \u00e8 di \u20ac 1240,00 + IVA e comprende la fornitura del materiale didattico e l&#8217;iscrizione all&#8217;ANPEQ per un anno.<\/p>\n<p>Sono possibili anche le seguenti interessanti combinazioni:<\/p>\n<p>\u2022 Modulo A + B<br \/>(Abilitazione di 1\u00b0 e 2\u00b0 grado)<br \/>\u20ac 1965,00 + IVA (22%)<\/p>\n<p>\u2022 Modulo B + C<br \/>(Abilitazione di 2\u00b0 e 3\u00b0 grado)<br \/>\u20ac 1965,00 + IVA (22%)<\/p>\n<p>\u2022 Modulo A + B + C<br \/>(Abilitazione di 1\u00b0, 2\u00b0 e 3\u00b0 grado)<br \/>\u20ac 2580,00 + IVA (22%)<\/p>\n<p><strong><em><u>Gli iscritti all\u2019ANPEQ in regola con la quota di iscrizione per il 2023\u00a0 hanno diritto ad uno sconto pari ad 100 euro sulla quota di adesione.<\/u><\/em><\/strong><\/p>\n<p><strong><em><u>Nella quota di adesione \u00e8 compresa l\u2019iscrizione all\u2019ANPEQ per il 2023 per gli iscritti al corso che non sono ancora Esperti di Radioprotezione e per <\/u><\/em><\/strong><strong><em><u>gli Esperti qualificati\/di radioprotezione \u00a0non ancora iscritti all\u2019ANPEQ<\/u><\/em><\/strong><strong><em><u>.<\/u><\/em><\/strong><\/p>\n<p>Programma corso 1\u00b0 e 2\u00b0 grado<\/p>\n<p>Programma corso 3\u00b0 grado<\/p>\n<p><a href=\"https:\/\/tesiasrl.it\/PDF\/CorsoEQ\/Corso_Scuola_EQ.pdf\" target=\"_blank\" rel=\"noopener noreferrer\">Locandina e Scheda iscrizione al corso<\/a><\/p>\n<p><strong>Note organizzative<\/strong><br \/>TE.SI.A. Srl \u2013Tecnologie e Sinergie Applicate<br \/>00137 ROMA &#8211; Via A. De Stefani n. 60<br \/>Tel. 06-82.00.45.15\/06-82.00.06.29<br \/>E-Mail: <a href=\"mailto:tesiasrl@tesiasrl.it\">tesiasrl@tesiasrl.it<\/a><\/p>\n<p class=\"testo_normale\" style=\"text-align: justify;\" align=\"justify\">\u2022 Modalit\u00e0 di iscrizione<br \/>Le iscrizioni, che si consiglia di prenotare almeno 15 giorni prima della data di inizio del corso, dovranno essere confermate mediante l\u2019invio della scheda allegata per posta.<\/p>\n\n","protected":false},"excerpt":{"rendered":"<p>\u00a0 [&hellip;]<\/p>\n","protected":false},"author":3,"featured_media":0,"parent":0,"menu_order":0,"comment_status":"closed","ping_status":"closed","template":"","meta":{"footnotes":""},"class_list":["post-352","page","type-page","status-publish","hentry"],"_links":{"self":[{"href":"https:\/\/tesiasrl.it\/index.php?rest_route=\/wp\/v2\/pages\/352","targetHints":{"allow":["GET"]}}],"collection":[{"href":"https:\/\/tesiasrl.it\/index.php?rest_route=\/wp\/v2\/pages"}],"about":[{"href":"https:\/\/tesiasrl.it\/index.php?rest_route=\/wp\/v2\/types\/page"}],"author":[{"embeddable":true,"href":"https:\/\/tesiasrl.it\/index.php?rest_route=\/wp\/v2\/users\/3"}],"replies":[{"embeddable":true,"href":"https:\/\/tesiasrl.it\/index.php?rest_route=%2Fwp%2Fv2%2Fcomments&post=352"}],"version-history":[{"count":63,"href":"https:\/\/tesiasrl.it\/index.php?rest_route=\/wp\/v2\/pages\/352\/revisions"}],"predecessor-version":[{"id":1627,"href":"https:\/\/tesiasrl.it\/index.php?rest_route=\/wp\/v2\/pages\/352\/revisions\/1627"}],"wp:attachment":[{"href":"https:\/\/tesiasrl.it\/index.php?rest_route=%2Fwp%2Fv2%2Fmedia&parent=352"}],"curies":[{"name":"wp","href":"https:\/\/api.w.org\/{rel}","templated":true}]}}