{"id":295,"date":"2016-04-20T12:36:06","date_gmt":"2016-04-20T12:36:06","guid":{"rendered":"http:\/\/tesiasrl.it\/?page_id=295"},"modified":"2020-02-19T10:17:20","modified_gmt":"2020-02-19T10:17:20","slug":"valutazioni-campi-elettromagnetici","status":"publish","type":"page","link":"https:\/\/tesiasrl.it\/?page_id=295","title":{"rendered":"Valutazioni Campi Elettromagnetici"},"content":{"rendered":"<p style=\"text-align: center;\" align=\"left\"><img fetchpriority=\"high\" decoding=\"async\" class=\"aligncenter\" src=\"https:\/\/tesiasrl.it\/wp-content\/uploads\/2020\/02\/20171205_170516_cr.jpg\" alt=\"\" width=\"328\" height=\"399\" \/><\/p>\n<p style=\"text-align: left;\" align=\"left\"><span class=\"testo_evidenziato\">La Te.Si.A. \u00a0effettua valutazione delle esposizioni ai Campi elettromagnetici \u00a0con strumenti dedicati e periodicamente tarati sulle seguenti <strong>Apparecchiature Biomedicali<\/strong>: <\/span><\/p>\n<ul>\n<li><span class=\"testo_normale\">RADAR-TERAPIA: range di frequenza 1,5 \u2013 2,5 GHz \u2013 antenne di varia forma e dimensioni con fasci di radiazione di c.a \u00b1 30\u00b0 sia sul piano orizzontale che verticale<\/span><\/li>\n<li><span class=\"testo_normale\">MARCONI-TERAPIA (20 \u2013 100 MHz)<\/span><\/li>\n<li><span class=\"testo_normale\">MAGNETO-TERAPIA (0 \u2013 150 Hz)<\/span><\/li>\n<li><span class=\"testo_normale\">IPERTERMIA (1, 140, 434, 915 MHz)<br \/>\n<\/span><br \/>\n<span class=\"testo_grassetto\"><b><i>Parametri\u00a0rilevabili:<\/i><\/b><\/span><\/li>\n<li><span class=\"testo_normale\">Effettiva potenza emessa<\/span><\/li>\n<li><span class=\"testo_normale\">Stabilit\u00e0 della frequenza emessa<\/span><\/li>\n<li><span class=\"testo_normale\">Accuratezza, precisione, sensibilit\u00e0, stabilit\u00e0, tempo di risposta ed intercambiabilit\u00e0 delle sonde<\/span><\/li>\n<li><span class=\"testo_normale\">Livelli di campi elettrico &#8211; magnetico (misura dell\u2019esposizione degli operatori alle radiazioni elettromagnetiche disperse nell\u2019ambiente)<\/span><\/li>\n<li><span class=\"testo_normale\">Linee di isodose<\/span><\/li>\n<li><span class=\"testo_normale\">Mappatura dei livelli di campo elettrico &#8211; magnetico e relative distanze di sicurezza (sia planari che volumetriche)<\/span><\/li>\n<li><span class=\"testo_normale\">Valutazione delle barriere protettive<\/span><\/li>\n<li><span class=\"testo_normale\">Progettazione delle barriere protettive \u2013 schermature<\/span><\/li>\n<li><span class=\"testo_normale\">Progettazione di filtraggi e isolamenti elettrici<\/span><\/li>\n<\/ul>\n<p><span class=\"testo_normale\" style=\"font-size: 12pt;\">Si fa presente che tali controlli sono resi obbligatori dalle seguenti leggi:<\/span><\/p>\n<table style=\"height: 185px;\" border=\"1\" width=\"539\" cellspacing=\"0\">\n<tbody>\n<tr>\n<td class=\"testo_grassetto\" width=\"33%\">\n<div align=\"center\"><span style=\"font-size: 10pt;\">Normativa<\/span><\/div>\n<\/td>\n<td class=\"testo_grassetto\" width=\"33%\">\n<div align=\"center\"><span style=\"font-size: 10pt;\">Descrizione<\/span><\/div>\n<\/td>\n<td class=\"testo_grassetto\" width=\"33%\">\n<div align=\"center\"><span style=\"font-size: 10pt;\">Applicazioni<\/span><\/div>\n<\/td>\n<\/tr>\n<tr>\n<td class=\"testo_grassetto\" width=\"33%\"><span style=\"font-size: 10pt;\"><i>D.Lgs. n\u00b0 46 del 24\/02\/97 G.U. n\u00b0 54 del 6\/03\/97 <\/i><\/span><\/td>\n<td class=\"testo_normale\" width=\"33%\"><span style=\"font-size: 10pt;\"><span class=\"testo_normale\"><i>\u201cAttuazione della direttiva 93\/42\/CEE concernen<\/i><\/span><i>te i dispositivi medici\u201d <\/i><\/span><\/td>\n<td class=\"testo_normale\" width=\"33%\"><span style=\"font-size: 10pt;\">In tutti i settori medici di terapia fisica o diagnostica<\/span><\/td>\n<\/tr>\n<tr>\n<td class=\"testo_grassetto\" width=\"33%\"><span style=\"font-size: 10pt;\"><i>D.Lgs. n\u00b0 95 del 25\/02\/1998 <\/i><\/span><\/td>\n<td class=\"testo_normale\" width=\"33%\"><span style=\"font-size: 10pt;\"><i>\u201cAttuazione della direttiva 93\/42\/CEE concernente i dispositivi medici\u201d <\/i><\/span><\/td>\n<td class=\"testo_normale\" width=\"33%\"><span style=\"font-size: 10pt;\">In tutti i settori medici di terapia fisica o diagnostica<\/span><\/td>\n<\/tr>\n<\/tbody>\n<\/table>\n<div class=\"testo_normale\" align=\"left\"><strong><span class=\"testo_normale\" style=\"font-size: 12pt;\">I valori limite sono i seguenti: <\/span><\/strong><\/div>\n<div class=\"testo_normale\" align=\"left\"><\/div>\n<table style=\"height: 774px;\" border=\"1\" width=\"637\" cellspacing=\"0\">\n<tbody>\n<tr>\n<td class=\"testo_grassetto\" width=\"33%\">\n<div align=\"center\"><span style=\"font-size: 10pt;\">Normativa<\/span><\/div>\n<\/td>\n<td class=\"testo_grassetto\" width=\"36%\">\n<div align=\"center\"><span style=\"font-size: 10pt;\">Descrizione<\/span><\/div>\n<\/td>\n<td class=\"testo_grassetto\" width=\"31%\">\n<div align=\"center\"><span style=\"font-size: 10pt;\">Applicazioni<\/span><\/div>\n<\/td>\n<\/tr>\n<tr>\n<td class=\"testo_grassetto\" width=\"33%\"><span style=\"font-size: 10pt;\"><i>Documento congiunto ISS- ISPESL del Ministero della Sanit\u00e0 \u2013 Informazione ISPESL anno X n\u00b0 4\/97 <\/i><\/span><\/td>\n<td class=\"testo_normale\" width=\"36%\"><span style=\"font-size: 10pt;\"><i>\u201csulla problematica della protezione dei lavoratori e della popolazione dalle esposizioni a campi elettrici e magnetici e ai campi elettromagnetici a frequenze comprese tra 0 Hz e 300 GHz\u201d <\/i><\/span><\/td>\n<td class=\"testo_normale\" width=\"31%\"><span style=\"font-size: 10pt;\">Nell\u2019ambito dei lavoratori e della popolazione<\/span><\/td>\n<\/tr>\n<tr>\n<td class=\"testo_grassetto\" width=\"33%\"><span style=\"font-size: 10pt;\"><i>Decreto n\u00b0 381 del 10\/09\/1998 <\/i><\/span><\/td>\n<td class=\"testo_normale\" width=\"36%\"><span style=\"font-size: 10pt;\"><i>\u201cRegolamento recante norme per la determinazione dei tetti di radiofrequenza compatibili con la salute umana\u201d <\/i><\/span><\/td>\n<td class=\"testo_normale\" width=\"31%\"><span style=\"font-size: 10pt;\">Nell\u2019ambito dei lavoratori e della popolazione<\/span><\/td>\n<\/tr>\n<tr>\n<td class=\"testo_grassetto\" width=\"33%\"><span style=\"font-size: 10pt;\"><i>D.P.R. del 23 aprile 1992 <\/i><\/span><\/td>\n<td class=\"testo_normale\" width=\"36%\"><span style=\"font-size: 10pt;\"><i>\u201cLimiti massimi di esposizione ai campi elettrico e magnetico generati alla frequenza industriale nominale (50 Hz) negli ambienti abitativi e nell\u2019ambiente esterno\u201d <\/i><\/span><\/td>\n<td class=\"testo_normale\" width=\"31%\"><span style=\"font-size: 10pt;\">Nell\u2019ambito delle abitazioni e negli ambienti di lavoro dove vi \u00e8 presenza di pubblico (sale di attesa, corridoi, luoghi dove sono presenti i pazienti per prestazioni medico-ospedalieri, etc)<\/span><\/td>\n<\/tr>\n<tr>\n<td class=\"testo_grassetto\" width=\"33%\"><span style=\"font-size: 10pt;\"><i>Norma CEI ENV 50166-1<br \/>\nMaggio 1995<br \/>\n<\/i><\/span><\/td>\n<td class=\"testo_normale\" width=\"36%\"><span style=\"font-size: 10pt;\"><i>Esposizione umana ai campi elettromagnetici \u2013 Bassa Frequenza (0 \u2013 10 kHz) <\/i><\/span><\/td>\n<td class=\"testo_normale\" width=\"31%\"><span style=\"font-size: 10pt;\">\u00a0<\/span><\/td>\n<\/tr>\n<\/tbody>\n<\/table>\n<p class=\"testo_normale\" align=\"left\"><span style=\"font-size: 10pt;\">Si sottolinea che la sorveglianza sanitaria pu\u00f2 essere considerata uno strumento di prevenzione da esposizioni dannose, soprattutto quando gli standard di sicurezza sono provvisori sia perch\u00e9 la patologia \u00e8 controversa, sia perch\u00e9 non sono determinate le soglie patologiche. In tale prospettiva si deve tener conto anche degli effetti solo sospettati e la sorveglianza sanitaria assume anche i connotati dell\u2019epidemiologia analitica.<\/span><\/p>\n<p class=\"testo_normale\" align=\"left\"><span class=\"testo_grassetto\"><strong>MISURE CAMPI ELETTROMAGNETICI NEL SETTORE INDUSTRIALE<\/strong><\/span><\/p>\n<ul>\n<li class=\"testo_normale\"><span class=\"testo_normale\">Lavorazione della plastica: frequenze utilizzate 20 \u2013 30 MHz<\/span><\/li>\n<li class=\"testo_normale\"><span class=\"testo_normale\">Forni a RF utilizzati per lavorazione dei metalli: 1 \u2013 300 kHz<\/span><\/li>\n<li class=\"testo_normale\"><span class=\"testo_normale\">Incollaggio del legno: 3 MHz &#8211; 30 MHz<\/span><\/li>\n<li class=\"testo_normale\"><span class=\"testo_normale\">Industrie meccaniche-elettriche con cabine di trasformazione, elettrodotti, etc.: 50-60 Hz<\/span><\/li>\n<li class=\"testo_normale\"><span class=\"testo_normale\">Induttori magnetici<\/span><\/li>\n<li class=\"testo_normale\"><span class=\"testo_normale\">Ponti radio \u2013 settore telecomunicazioni- TV, Radiotrasmittenti, telefonici: 1 MHz \u2013 50 GHz<\/span><\/li>\n<\/ul>\n<p><a href=\"https:\/\/tesiasrl.it\/PDF\/9_Esposizione_Campi_Elettromagnetici.pdf\" target=\"_blank\" rel=\"noopener noreferrer\">Brochure Campi Elettromagnetici<\/a><\/p>\n","protected":false},"excerpt":{"rendered":"<p>La [&hellip;]<\/p>\n","protected":false},"author":3,"featured_media":0,"parent":0,"menu_order":0,"comment_status":"closed","ping_status":"closed","template":"","meta":{"footnotes":""},"class_list":["post-295","page","type-page","status-publish","hentry"],"_links":{"self":[{"href":"https:\/\/tesiasrl.it\/index.php?rest_route=\/wp\/v2\/pages\/295","targetHints":{"allow":["GET"]}}],"collection":[{"href":"https:\/\/tesiasrl.it\/index.php?rest_route=\/wp\/v2\/pages"}],"about":[{"href":"https:\/\/tesiasrl.it\/index.php?rest_route=\/wp\/v2\/types\/page"}],"author":[{"embeddable":true,"href":"https:\/\/tesiasrl.it\/index.php?rest_route=\/wp\/v2\/users\/3"}],"replies":[{"embeddable":true,"href":"https:\/\/tesiasrl.it\/index.php?rest_route=%2Fwp%2Fv2%2Fcomments&post=295"}],"version-history":[{"count":7,"href":"https:\/\/tesiasrl.it\/index.php?rest_route=\/wp\/v2\/pages\/295\/revisions"}],"predecessor-version":[{"id":1113,"href":"https:\/\/tesiasrl.it\/index.php?rest_route=\/wp\/v2\/pages\/295\/revisions\/1113"}],"wp:attachment":[{"href":"https:\/\/tesiasrl.it\/index.php?rest_route=%2Fwp%2Fv2%2Fmedia&parent=295"}],"curies":[{"name":"wp","href":"https:\/\/api.w.org\/{rel}","templated":true}]}}