{"id":254,"date":"2016-04-20T10:33:06","date_gmt":"2016-04-20T10:33:06","guid":{"rendered":"http:\/\/tesiasrl.it\/?page_id=254"},"modified":"2019-01-08T10:43:56","modified_gmt":"2019-01-08T10:43:56","slug":"tld","status":"publish","type":"page","link":"https:\/\/tesiasrl.it\/?page_id=254","title":{"rendered":"Dosimetria RX &#8211; TLD"},"content":{"rendered":"<p style=\"text-align: justify;\"><span class=\"testo_normale\">La dosimetria a termoluminescenza, da noi proposta nel settore delle radiazioni ionizzanti, si basa sulle propriet\u00e0 termoluminescenti dei cristalli di fluoruro di litio drogati al magnesio, rame e fosforo (LiF:Mg, Cu, P).<\/span><br \/>\n<span class=\"testo_normale\">La luce emessa dalla chip viene rilevata da un tubo fotomoltiplicatore e, tenuto conto della sensibilit\u00e0 del lettore, valutata tramite lettura di chips di controllo sottoposte a una irradiazione nota, e della sensibilit\u00e0 intrinseca relativa (SIR) del singolo elemento, si ottiene la dose delle radiazioni ionizzanti (la causa dell&#8217;eccitazione del suo sistema elettronico) assorbita dalla singola chip.<\/span><br \/>\n<span class=\"testo_normale\">Le chips sono confezionate in contenitori di plastica, che possono contenere fino a quattro elementi, a loro volta contenuti in buste di plastica termosaldate che possono essere disposte negli ambienti di lavoro, o indossate dai lavoratori radioprotetti, al petto, a bracciale o al cristallino.<\/span><br \/>\n<span class=\"testo_normale\">I dosimetri adottati dal nostro servizio contengono tre elementi, differentemente filtrati (al rame, all&#8217;alluminio, non filtrato). Dalla correlazione delle letture dei tre elementi \u00e8 possibile determinare la dose assorbita dal dosimetro ed anche la natura della radiazione assorbita con la relativa energia incidente.<\/span><br \/>\n<span class=\"testo_normale\"><i>I dosimetri a TLD da noi utilizzati e previsti nella fornitura sono in grado di assicurare la piena compatibilit\u00e0 con l&#8217;attivit\u00e0 clinica nonch\u00e9 un&#8217;elevata sensibilit\u00e0, garantendo un&#8217;adeguata investigazione anche nel campo delle basse dosi.<\/i><\/span><\/p>\n<p style=\"text-align: justify;\"><a href=\"https:\/\/tesiasrl.it\/PDF\/5_Servizio_Dosimetria_TLD.pdf\" target=\"_blank\">Brochure Servizio dosimetria a TLD<\/a><\/p>\n","protected":false},"excerpt":{"rendered":"<p>La [&hellip;]<\/p>\n","protected":false},"author":3,"featured_media":0,"parent":0,"menu_order":0,"comment_status":"closed","ping_status":"closed","template":"","meta":{"footnotes":""},"class_list":["post-254","page","type-page","status-publish","hentry"],"_links":{"self":[{"href":"https:\/\/tesiasrl.it\/index.php?rest_route=\/wp\/v2\/pages\/254","targetHints":{"allow":["GET"]}}],"collection":[{"href":"https:\/\/tesiasrl.it\/index.php?rest_route=\/wp\/v2\/pages"}],"about":[{"href":"https:\/\/tesiasrl.it\/index.php?rest_route=\/wp\/v2\/types\/page"}],"author":[{"embeddable":true,"href":"https:\/\/tesiasrl.it\/index.php?rest_route=\/wp\/v2\/users\/3"}],"replies":[{"embeddable":true,"href":"https:\/\/tesiasrl.it\/index.php?rest_route=%2Fwp%2Fv2%2Fcomments&post=254"}],"version-history":[{"count":8,"href":"https:\/\/tesiasrl.it\/index.php?rest_route=\/wp\/v2\/pages\/254\/revisions"}],"predecessor-version":[{"id":581,"href":"https:\/\/tesiasrl.it\/index.php?rest_route=\/wp\/v2\/pages\/254\/revisions\/581"}],"wp:attachment":[{"href":"https:\/\/tesiasrl.it\/index.php?rest_route=%2Fwp%2Fv2%2Fmedia&parent=254"}],"curies":[{"name":"wp","href":"https:\/\/api.w.org\/{rel}","templated":true}]}}