{"id":134,"date":"2016-02-17T16:13:00","date_gmt":"2016-02-17T15:13:00","guid":{"rendered":"http:\/\/angelblackmaster.altervista.org\/?page_id=134"},"modified":"2019-01-08T10:43:57","modified_gmt":"2019-01-08T10:43:57","slug":"privacy-policy","status":"publish","type":"page","link":"https:\/\/tesiasrl.it\/?page_id=134","title":{"rendered":"Privacy Policy"},"content":{"rendered":"<p><strong>Informativa sul trattamento dei dati personali<\/strong><\/p>\n<h2>(Artt. 13 e 14 del Regolamento UE n. 2016\/679)<\/h2>\n<p>&nbsp;<\/p>\n<p>La Te.Si.A. Srl La invita a prendere visione della seguente informativa redatta ai sensi degli articoli 13 e 14 del Regolamento UE 2016\/679 \u201crelativo alla protezione delle persone fisiche con riguardo al trattamento dei dati personali, nonch\u00e9 alla libera circolazione di tali dati\u201d (d\u2019ora innanzi \u201cRegolamento\u201d), noto anche con l\u2019acronimo GDPR (General Data Protection Regulation).<\/p>\n<p>La presente Privacy Policy ha lo scopo di descrivere le modalit\u00e0 di gestione del sito internet <a href=\"http:\/\/www.tesiasrl.it\">http:\/\/www.tesiasrl.it<\/a> (di seguito il \u201cSito\u201d) con riferimento al trattamento dei dati personali degli utenti che consultano e\/o si registrano al Sito dalla Te.Si.A. Srl con sede legale in Via Alessandro De Stefani 60, \u2013 00137- ROMA, (di seguito: il \u201cTitolare\u201d).<\/p>\n<p>In questa informativa Le illustreremo le finalit\u00e0 e le modalit\u00e0 con cui il Titolare raccoglie e tratta i suoi dati personali, quali categorie di dati sono oggetto di trattamento, quali sono i diritti degli interessati al trattamento e come possono essere esercitati.<\/p>\n<p>L\u2019informativa \u00e8 resa esclusivamente per il presente Sito, pertanto il Titolare non si assume nessuna responsabilit\u00e0 in merito agli altri siti web eventualmente consultati tramite collegamenti ipertestuali presenti sul sito stesso.<\/p>\n<p>Gli utenti, utilizzando il presente Sito, accettano la presente informativa e sono, pertanto, invitati a prenderne visione prima di fornire informazioni personali di qualsiasi genere.<\/p>\n<p>La Te.Si.A. Srl, in linea con quanto disposto dalla normativa vigente, s\u2019impegna a trattare i dati che La riguardano, secondo i principi stabiliti dall\u2019articolo 5 (liceit\u00e0, correttezza, trasparenza, adeguatezza, pertinenza, esattezza, minimizzazione del trattamento, limitazione della conservazione, ecc.).<\/p>\n<h3>CONSENSO<\/h3>\n<p>Utilizzando il Sito, l\u2019utente acconsente alla raccolta e all\u2019utilizzo delle informazioni da parte di Te.Si.A. Srl S.r.l. secondo i termini e le condizioni stabilite nella presente informativa.<\/p>\n<p><strong>TITOLARE DEL TRATTAMENTO DEI DATI <\/strong><\/p>\n<p>&nbsp;<\/p>\n<p>Titolare del trattamento \u00e8 Te.Si.A. Srl<\/p>\n<p>Tutte le istanze e richieste relative al trattamento dei dati personali potranno essere indirizzate al Titolare sopra indicato, ai seguenti indirizzi:<\/p>\n<ul>\n<li>Via Alessandro De Stefani 60- 00137- Roma<\/li>\n<li>E-mail: l.martorelli@tesiasrl.it<\/li>\n<li>PEC: lmartorelli.tesia@pec.it<\/li>\n<\/ul>\n<p>La informiamo che il Titolare ha provveduto a nominare un <strong>Responsabile per la protezione dei dati personali<\/strong> contattabile all\u2019indirizzo <a href=\"mailto:g.calisesi@tesiasrl.it\">g.calisesi@tesiasrl.it<\/a><u>.<\/u><\/p>\n<p><strong>CATEGORIE DI DATI PERSONALI TRATTATI<\/strong><\/p>\n<p><strong>A\u00a0\u00a0\u00a0\u00a0 DATI DI NAVIGAZIONE <\/strong><\/p>\n<p>I sistemi informatici e le procedure software preposte al funzionamento di questo sito web acquisiscono, nel corso del loro normale esercizio, alcuni dati personali la cui trasmissione \u00e8 implicita nell\u2019uso dei protocolli di comunicazione di Internet.<\/p>\n<p>Si tratta di informazioni che non sono raccolte per essere associate a interessati identificati, ma che per loro stessa natura potrebbero, attraverso elaborazioni ed associazioni con dati detenuti da terzi, permettere di identificare gli utenti.<\/p>\n<p>In questa categoria di dati rientrano gli indirizzi IP o i nomi a dominio dei computer utilizzati dagli utenti che si connettono al sito, gli indirizzi in notazione URI (Uniform Resource Identifier) delle risorse richieste, l\u2019orario della richiesta, il metodo utilizzato nel sottoporre la richiesta al server, la dimensione del file ottenuto in risposta, il codice numerico indicante lo stato della risposta data dal server (buon fine, errore, ecc.) ed altri parametri relativi al sistema operativo ed all\u2019ambiente informatico dell\u2019utente.<\/p>\n<p>Questi dati vengono utilizzati al solo fine di ricavare informazioni statistiche anonime sull\u2019uso del sito e per controllarne il corretto funzionamento e vengono cancellati immediatamente dopo l\u2019elaborazione. I dati potrebbero essere utilizzati per l\u2019accertamento di responsabilit\u00e0 in caso di ipotetici reati informatici ai danni del sito.<\/p>\n<p><strong>B\u00a0\u00a0\u00a0\u00a0 DATI FORNITI VOLONTARIAMENTE DALL\u2019UTENTE<\/strong><\/p>\n<p>Fatto salvo quanto sopra specificato in relazione ai dati di navigazione, la TE.SI.A. Srl acquisir\u00e0 i dati personali eventualmente forniti volontariamente dall\u2019utente agli indirizzi indicati sul sito per rispondere alle richieste del mittente.<\/p>\n<p>L\u2019eventuale parziale o totale mancato conferimento dei dati da parte del visitatore del Sito comporter\u00e0 la parziale o totale impossibilit\u00e0 di raggiungere le finalit\u00e0 descritte nella presente informativa e pertanto l\u2019impossibilit\u00e0 di dar seguito ad eventuali richieste inoltrate mediante il Sito.<\/p>\n<p>I dati personali forniti, raccolti e resi disponibili presso la Te.Si.A. S.r.l. saranno oggetto di trattamento con strumenti elettronici e non elettronici.<\/p>\n<h3>CONSERVAZIONE DI INFORMAZIONI<\/h3>\n<p>I dati personali saranno conservati per il solo tempo necessario a garantire la corretta prestazione dei servizi offerti dalla Te.Si.A. S.r.l.<\/p>\n<p>Nel caso di cancellazione, esclusione o disabilitazione per mancato utilizzo dell\u2019account sul Sito, i dati saranno conservati per il periodo consentito dalla legge, fatti salvi eventuali specifici obblighi di legge sulla conservazione di documentazione o per finalit\u00e0 di pubblica sicurezza. In tali casi, sar\u00e0 garantita la cancellazione automatica dei dati.<\/p>\n<p>Decorso tale periodo, i dati saranno trasformati in forma anonima, in modo da non permettere, anche indirettamente, di identificare gli interessati.<\/p>\n<h3>FINALIT\u00c0 DEL TRATTAMENTO<\/h3>\n<p>Il trattamento dei dati personali (ivi inclusa la loro registrazione nei database della Te.Si.A. Srl. su supporti informatici e\/o cartacei) \u00e8 diretto esclusivamente al raggiungimento delle seguenti finalit\u00e0:<\/p>\n<ol>\n<li>Garantire la corretta erogazione dei contenuti e dei servizi offerti Te.Si.A. Srl S.r.l. tramite il Sito e, quindi, per adempiere in maniera corretta e puntuale a tutti gli obblighi derivanti dalla legge o dai regolamenti in vigore;<\/li>\n<li>Comunicare con l\u2019utente del sito e per rispondere ad eventuali richieste (es. preventivi) provenienti dallo stesso;<\/li>\n<\/ol>\n<p>I dati personali e le informazioni acquisite da Te.Si. A. S.r.l. tramite il Sito saranno trattati dalla stessa per finalit\u00e0 afferenti l\u2019esecuzione degli eventuali obblighi contrattuali successivamente assunti.<\/p>\n<p>Facciamo presente, altres\u00ec, che il Suo consenso al trattamento dei dati per una o pi\u00f9 delle finalit\u00e0 sopra indicate potr\u00e0 essere revocato in qualsiasi momento.<\/p>\n<h3>COMUNICAZIONE \u2013 DIFFUSIONE<\/h3>\n<p>I dati personali, eventualmente raccolti tramite il Sito possono essere comunicati all\u2019interno dell\u2019azienda ai soggetti incaricati al trattamento dati.<\/p>\n<h3>TRAFERIMENTO DATI VERSO PAESI EXTRA UE<\/h3>\n<p>Te.Si.A. Srl\u00a0 non intende trasferire i suoi dati verso paesi terzi (paesi extra-UE).<\/p>\n<h3>DIRITTI DELL\u2019INTERESSATO<\/h3>\n<p>Lei ha diritto di ottenere quanto dettato dagli articoli dal 15 al 22 del RUE 2016\/679:<\/p>\n<h3>Diritto di accesso dell\u2019interessato<\/h3>\n<p>\u00abL\u2019interessato ha il diritto di ottenere dal titolare del trattamento la conferma che sia o meno in corso un trattamento di dati personali che lo riguardano e in tal caso, di ottenere l\u2019accesso ai dati personali e alle informazioni\u00bb specificate all\u2019art. 15, comma 1, lettere dalla a) alla h) (per una maggiore comprensione si rimanda all\u2019art.15 del RUE 2016\/679);<\/p>\n<h3>Diritto di rettifica<\/h3>\n<h3><\/h3>\n<p>\u00abL\u2019interessato ha il diritto di ottenere dal titolare del trattamento la rettifica dei dati personali inesatti che lo riguardano senza ingiustificato ritardo. Tenuto conto delle finalit\u00e0 del trattamento, l\u2019interessato ha il diritto di ottenere l\u2019integrazione dei dati personali incompleti, anche fornendo una dichiarazione integrativa\u2026\u00bb (art. 16 del RUE 2016\/679);<\/p>\n<h3>Diritto alla cancellazione [\u00abdiritto all\u2019oblio\u00bb]<\/h3>\n<p>\u00abL\u2019interessato ha il diritto di ottenere dal titolare del trattamento la cancellazione dei dati personali che lo riguardano senza ingiustificato ritardo e il titolare del trattamento ha l\u2019obbligo di cancellare senza ingiustificato ritardo i dati personali, se sussiste uno dei motivi&#8230;\u00bb indicati all\u2019art. 17, comma 1 lettere dalla a) alla f) (per una maggiore comprensione si rimanda all\u2019art.17 del RUE 2016\/679);<\/p>\n<h3>Diritto di limitazione di trattamento<\/h3>\n<p>\u00abL\u2019interessato ha il diritto di ottenere dal titolare del trattamento la limitazione del trattamento quando ricorre una delle ipotesi\u2026\u00bb indicate all\u2019art. 18, comma1, lettere dalla a) alla d) (per una maggiore comprensione si rimanda all\u2019art.18 del RUE 2016\/679);<\/p>\n<h3>Diritto alla portabilit\u00e0 dei dati<\/h3>\n<p>\u00abL\u2019interessato ha il diritto di ricevere in un formato strutturato, di uso comune e leggibile da dispositivo automatico i dati personali che lo riguardano forniti a un titolare del trattamento e ha il diritto di trasmettere tali dati a un altro titolare del trattamento senza impedimenti da parte del titolare del trattamento cui li ha forniti qualora si verifichi una delle ipotesi\u2026\u00bb indicate all\u2019art. 20, comma 1 lettere a) e b) (per una maggiore comprensione si rimanda all\u2019art.20 del RUE 2016\/679);<\/p>\n<h3>Diritto di opposizione<\/h3>\n<p>\u00abL\u2019interessato ha il diritto di opporsi in qualsiasi momento, per motivi connessi alla sua situazione particolare, al trattamento dei dati personali che lo riguardano ai sensi dell\u2019articolo 6, paragrafo 1, lettere e) o f), compresa la profilazione sulla base di tali disposizioni\u2026\u00bb (per una maggiore comprensione si rimanda all\u2019art.21 del RUE 2016\/679);<\/p>\n<h3>Diritto di non essere sottoposto a un processo decisionale automatizzato, compresa la profilazione<\/h3>\n<p>\u00abL\u2019interessato ha il diritto di non essere sottoposto a una decisione basata unicamente sul trattamento automatizzato, compresa la profilazione, che produca effetti giuridici che lo riguardano o che incida in modo analogo significativamente sulla sua persona\u2026\u00bb (per una maggiore comprensione si rimanda all\u2019art.22 del RUE 2016\/679).<\/p>\n<p>La informiamo inoltre che ai sensi della disciplina vigente pu\u00f2 proporre eventuali reclami riguardanti i trattamenti di suoi dati personali al Garante per la protezione dei dati personali.<\/p>\n<p><strong><u>Cookie Policy<\/u><\/strong><\/p>\n<p>Di seguito si riporta la Cookie policy da utilizzare quale informativa estesa ai sensi dell\u2019art. 13 D.lgs. 196\/2003 (di seguito \u201c<strong>Codice Privacy<\/strong>\u201d) e degli artt. 13 e 14 del Regolamento (UE) 2016\/679 (di seguito \u201c<strong>GDPR<\/strong>\u201d).<\/p>\n<p><em>Cosa sono i Cookie?<\/em><\/p>\n<p>I Cookie sono pacchetti di informazioni inviate da un web server (es. il sito) al browser Internet dell\u2019utente, da quest\u2019ultimo memorizzati automaticamente sul computer e rinviati automaticamente al server ad ogni successivo accesso al sito.<\/p>\n<p>Per default quasi tutti i browser web sono impostati per accettare automaticamente i cookie.<\/p>\n<p>Tipicamente i cookie possono essere installati:<\/p>\n<ul>\n<li>direttamente dal proprietario e\/o responsabile del sito web (c.d. <em>cookie di prima parte<\/em>)<\/li>\n<li>da responsabili estranei al sito web visitato dall\u2019utente (c.d. <em>cookie di terza parte<\/em>). Ove non diversamente specificato, si rammenta che questi cookie ricadono sotto la diretta ed esclusiva responsabilit\u00e0 dello stesso gestore. Ulteriori informazioni sulla privacy e sul loro uso sono reperibili direttamente sui siti dei rispettivi gestori.<\/li>\n<\/ul>\n<p>Questo sito web pu\u00f2 utilizzare, anche in combinazione tra di loro i seguenti tipi di cookie classificati in base alle indicazioni del Garante Privacy e dei Pareri emessi in ambito Europeo dal Gruppo di Lavoro ex art. 29 del GDPR:<\/p>\n<ul>\n<li><strong><em><u>Sessione<\/u><\/em><\/strong> che non vengono memorizzati in modo persistente sul computer dell\u2019utente e si cancellano con la chiusura del browser, sono strettamente limitati alla trasmissione di identificativi di sessione necessari per consentire l\u2019esplorazione sicura ed efficiente del sito evitando il ricorso ad altre tecniche informatiche potenzialmente pregiudizievoli per la riservatezza della navigazione degli utenti<\/li>\n<li><strong><em><u>Persistenti<\/u><\/em><\/strong> che rimangono memorizzati sul disco rigido del computer fino alla loro scadenza o cancellazione da parte degli utenti\/visitatori. Tramite i cookie persistenti i visitatori che accedono al sito (o eventuali altri utenti che impiegano il medesimo computer) vengono automaticamente riconosciuti ad ogni visita. I visitatori possono impostare il browser del computer in modo tale che accetti\/rifiuti tutti i cookie o visualizzi un avviso ogni qual volta viene proposto un cookie, per poter valutare se accettarlo o meno. L\u2019utente pu\u00f2, comunque, modificare la configurazione predefinita e disabilitare i cookie (cio\u00e8 bloccarli in via definitiva), impostando il livello di protezione pi\u00f9 elevato.<\/li>\n<li><strong><em><u>Tecnici<\/u><\/em><\/strong> sono i cookie utilizzati per autenticarsi, per usufruire di contenuti multimediali tipo flash player o per consentire la scelta della lingua di navigazione. In generale non \u00e8 quindi necessario acquisire il consenso preventivo e informato dell\u2019utente. Rientrano in questa fattispecie anche i cookie utilizzati per analizzare statisticamente gli accessi\/le visite al sito solo se utilizzati esclusivamente per scopi statistici e tramite la raccolta di informazioni in forma aggregata.<\/li>\n<li><strong><em><u>Non tecnici<\/u><\/em><\/strong> sono tutti i cookie usati per finalit\u00e0 di profilazione e marketing. Il loro utilizzo sui terminali degli utenti \u00e8 vietato se questi non siano stati prima adeguatamente informati e non abbiano prestato al riguardo un valido consenso secondo la tecnica dell\u2019opt-in. Questi tipi di cookie sono, a loro volta, raggruppabili in base alle funzioni che assolvono in:<\/li>\n<li><strong><em><u>Analytics<\/u><\/em><\/strong><strong><u>.<\/u><\/strong> Sono i cookie utilizzati per raccogliere ed analizzare informazioni statistiche sugli accessi\/le visite al sito web. In alcuni casi, associati ad altre informazioni quali le credenziali inserite per l\u2019accesso ad aree riservate (il proprio indirizzo di posta elettronica e la password), possono essere utilizzate per profilare l\u2019utente (abitudini personali, siti visitati, contenuti scaricati, tipi di interazioni effettuate, ecc.).<\/li>\n<li><strong><em><u>Widgets<\/u><\/em><\/strong><em>. <\/em>Rientrano in questa categoria tutti quei componenti grafici di una interfaccia utente di un programma, che ha lo scopo di facilitare l\u2019utente nell\u2019interazione con il programma stesso. A titolo esemplificativo sono widget i cookie di facebook, google+, twitter.<\/li>\n<li><strong><em><u>Advertsing<\/u><\/em><\/strong><em>.<\/em> Rientrano in questa categoria i cookie utilizzati per fare pubblicit\u00e0 all\u2019interno di un sito. Google, Tradedoubler rientrano in questa categoria.<\/li>\n<li><strong><em><u>Web beacons<\/u><\/em><\/strong><strong><u>.<\/u><\/strong> Rientrano in questa categoria i frammenti di codice che consentono a un sito web di trasferire o raccogliere informazioni attraverso la richiesta di un\u2019immagine grafica. I siti web possono utilizzarli per diversi fini, quali l\u2019analisi dell\u2019uso dei siti web, attivit\u00e0 di controllo e reportistica sulle pubblicit\u00e0 e la personalizzazione di pubblicit\u00e0 e contenuti.<\/li>\n<\/ul>\n<p><strong><em>I cookie presenti sul Sito<\/em><\/strong><\/p>\n<p><em><u>Cookie tecnici per i quali non \u00e8 richiesto il consenso<\/u><\/em><\/p>\n<p>Il Titolare installer\u00e0 sul suo dispositivo e, in particolare, nel suo browser o lascer\u00e0 installare a terzi alcuni cookie che ci sono necessari per acquisire o far acquisire a nostri partner informazioni statistiche in forma anonima e aggregata relative alla sua navigazione sulle pagine del Sito.<\/p>\n<p><u>Cookie Analytics<\/u><\/p>\n<p>La tabella che segue riporta i cookie di terze parti presenti sul sito. Questi ultimi ricadono sotto la diretta ed esclusiva responsabilit\u00e0 del gestore terzo.<\/p>\n<p>Tabella Cookie terze parti utilizzati<\/p>\n<table>\n<tbody>\n<tr>\n<td width=\"130\">Cookie<\/td>\n<td width=\"130\">Utilizzo primario<\/td>\n<td width=\"130\">Profilazione<\/td>\n<td width=\"130\">Luogo trattamento<\/td>\n<td width=\"130\">Privacy policy<\/td>\n<\/tr>\n<tr>\n<td width=\"130\"><a href=\"https:\/\/www.google.it\/intl\/it\/analytics\/\">Google Analytics<\/a><\/td>\n<td width=\"130\">Analitici<\/td>\n<td width=\"130\">SI<\/td>\n<td width=\"130\">USA<\/td>\n<td width=\"130\"><a href=\"https:\/\/www.google.com\/intl\/it_ALL\/analytics\/learn\/privacy.html\">Privacy<\/a> \u2013 <a href=\"http:\/\/tools.google.com\/dlpage\/gaoptout?hl=it\">Opt-out<\/a><\/td>\n<\/tr>\n<\/tbody>\n<\/table>\n<p>Se l\u2019utente non desidera ricevere cookie di terze parti sul proprio dispositivo potr\u00e0, attraverso i link di seguito riportati, accedere alle informative e ai moduli di consenso di dette terze parti ed escluderne il ricevimento.<\/p>\n<p>Questi cookie non vengono controllati direttamente dal Sito, pertanto, per revocare il consenso \u00e8 necessario fare riferimento ai siti internet delle terze parti oppure fare riferimento al sito <a href=\"http:\/\/www.youronlinechoices.com\/it\/\">http:\/\/www.youronlinechoices.com\/it\/<\/a> per ottenere informazioni su come poter eliminare o gestire i cookie in base al browser utilizzato e per gestire le preferenze sui cookie di profilazione di terze parti.<\/p>\n<p><em>Come disabilitare i cookie mediante configurazione del browser<\/em><\/p>\n<p>Se lo desidera pu\u00f2 gestire direttamente i cookie anche attraverso le impostazioni del suo browser. Tuttavia, cancellando i cookies dal browser potrebbe rimuovere le preferenze che ha impostato per i siti del Gruppo, per questo sarebbe opportuno che visitasse periodicamente questa pagina per ricontrollare le sue preferenze.<\/p>\n<p>Per ulteriori informazioni e supporto \u00e8 possibile anche visitare la pagina di aiuto specifica del web browser che si sta utilizzando:<\/p>\n<p>\u2013 Internet Explorer:<a href=\"http:\/\/windows.microsoft.com\/it-IT\/internet-explorer\/delete-manage-cookies\">http:\/\/windows.microsoft.com\/it-IT\/internet-explorer\/delete-manage-cookies<\/a><\/p>\n<p>\u2013 Google Chrome: <a href=\"https:\/\/support.google.com\/chrome\/answer\/95647\">https:\/\/support.google.com\/chrome\/answer\/95647<\/a><\/p>\n<p>\u2013 Mozilla Firefox: <a href=\"http:\/\/support.mozilla.org\/it\/kb\/Gestione%20dei%20cookie\">http:\/\/support.mozilla.org\/it\/kb\/Gestione%20dei%20cookie<\/a><\/p>\n<p>\u2013 Opera:<a href=\"http:\/\/help.opera.com\/Windows\/10.00\/it\/cookies.html\">http:\/\/help.opera.com\/Windows\/10.00\/it\/cookies.html<\/a><\/p>\n<p>\u2013 Safari:<a href=\"https:\/\/support.apple.com\/kb\/PH19255\">https:\/\/support.apple.com\/kb\/PH19255<\/a><\/p>\n","protected":false},"excerpt":{"rendered":"<p>Informativa [&hellip;]<\/p>\n","protected":false},"author":3,"featured_media":0,"parent":0,"menu_order":0,"comment_status":"closed","ping_status":"closed","template":"","meta":{"footnotes":""},"class_list":["post-134","page","type-page","status-publish","hentry"],"_links":{"self":[{"href":"https:\/\/tesiasrl.it\/index.php?rest_route=\/wp\/v2\/pages\/134","targetHints":{"allow":["GET"]}}],"collection":[{"href":"https:\/\/tesiasrl.it\/index.php?rest_route=\/wp\/v2\/pages"}],"about":[{"href":"https:\/\/tesiasrl.it\/index.php?rest_route=\/wp\/v2\/types\/page"}],"author":[{"embeddable":true,"href":"https:\/\/tesiasrl.it\/index.php?rest_route=\/wp\/v2\/users\/3"}],"replies":[{"embeddable":true,"href":"https:\/\/tesiasrl.it\/index.php?rest_route=%2Fwp%2Fv2%2Fcomments&post=134"}],"version-history":[{"count":3,"href":"https:\/\/tesiasrl.it\/index.php?rest_route=\/wp\/v2\/pages\/134\/revisions"}],"predecessor-version":[{"id":975,"href":"https:\/\/tesiasrl.it\/index.php?rest_route=\/wp\/v2\/pages\/134\/revisions\/975"}],"wp:attachment":[{"href":"https:\/\/tesiasrl.it\/index.php?rest_route=%2Fwp%2Fv2%2Fmedia&parent=134"}],"curies":[{"name":"wp","href":"https:\/\/api.w.org\/{rel}","templated":true}]}}