{"id":119,"date":"2016-02-17T12:56:26","date_gmt":"2016-02-17T11:56:26","guid":{"rendered":"http:\/\/angelblackmaster.altervista.org\/?page_id=119"},"modified":"2019-01-08T10:43:56","modified_gmt":"2019-01-08T10:43:56","slug":"impatto-acustico-ambientale","status":"publish","type":"page","link":"https:\/\/tesiasrl.it\/?page_id=119","title":{"rendered":"Impatto Acustico Ambientale"},"content":{"rendered":"<p style=\"text-align: justify;\"><strong>La Valutazione di Impatto Acustico Ambientale (VIAA)<\/strong> \u00e8 disciplinata dalla Legge 447\/95 e riguarda tutte le attivit\u00e0 produttive ed esercizi pubblici che dispongono di apparecchi rumorosi.<\/p>\n<p style=\"text-align: justify;\">In fase di apertura di una nuova attivit\u00e0 il Comune richiede, nello specifico, la <strong>Valutazione previsionale di impatto acustico (VPIA)<\/strong>, ossia una valutazione operata prima dell&#8217;apertura dell&#8217;esercizio, volta a prevedere il possibile inquinamento acustico che verrebbe generato dall\u2019attivit\u00e0 una volta in esercizio.<\/p>\n<p style=\"text-align: justify;\">Una volta esaminata la VPIA, il Dipartimento delle Politiche Ambientali del Comune rilascia il <strong>Nulla Osta di impatto acustico<\/strong> e quindi l&#8217;autorizzazione di inizio attivit\u00e0.<\/p>\n<p style=\"text-align: justify;\">La valutazione di impatto acustico pu\u00f2 essere effettuata solo da un Tecnico Competente in Acustica Ambientale, figura professionale riconosciuta dalla Regione e qualificata allo svolgimento delle perizie fonometriche.<br \/>\nIl tecnico competente valuta se l&#8217;attivit\u00e0 che si intende avviare rispetta o meno i limiti di legge previsti dalla L.447\/95 e di fatto determina il permesso o il divieto allo svolgimento dell&#8217;attivit\u00e0.<\/p>\n<p style=\"text-align: justify;\"><strong>La valutazione di impatto acustico per attivit\u00e0 temporanea di Cantiere Edile <\/strong>deve essere redatta per l\u2019ottenimento da parte del comune di pertinenza del nulla osta di impatto acustico ambientale e\/o per l\u2019autorizzazione in deroga ai limiti acustici per attivit\u00e0 temporanea di cantiere edile.<\/p>\n<p style=\"text-align: justify;\">Nelle relazione tecnica d\u2019impatto acustico ambientale sono descritti il numero e tipologia delle sorgenti sonore, con indicazione del livello di emissione sonora dei macchinari previsto dai certificati di omologazione, \u00e8 riportato il calcolo previsionale dei livelli acustici in corrispondenza degli spazi utilizzati da persone e comunit\u00e0 nonch\u00e9 dei recettori sensibili pi\u00f9 vicini, con l\u2019indicazione di eventuali superamento dei limiti normativi e con la specifica della fascia oraria, della durata temporale e della frequenza di detti eventi.<\/p>\n<p style=\"text-align: justify;\">Completano la relazione la descrizione della morfologia del sito e l\u2019indicazione della classe acustica di appartenenza sulla base della classificazione acustica vigente , la Verifica del rispetto dei valori limite acustici prescritti dalla normativa vigente e l\u2019eventuale descrizione degli interventi finalizzati a mitigare, le emissioni sonore delle sorgenti rumorose.<\/p>\n<p style=\"text-align: justify;\"><strong>Valutazione del rumore negli ambienti di Lavoro<\/strong> \u00e8 invece disciplinata dal D.Lgs. 81\/08 e rappresenta un obbligo fondamentale per il datore di lavoro delle aziende in cui prestino la propria opera \u201clavoratori\u201d cos\u00ec come definiti dal Titolo I del D. Lgs. 81\/08;<\/p>\n<p style=\"text-align: justify;\">Il datore di lavoro deve effettuare la valutazione del rischio rumore indipendentemente dal livello di rumore, dall\u2019attivit\u00e0 svolta e dal numero di lavoratori.<\/p>\n<p><a href=\"https:\/\/tesiasrl.it\/PDF\/10_Servizio_Impatto_Acustico_Esposizione_dei_Lavoratori.pdf\" target=\"_blank\">Brochure Impatto Acustico<\/a><\/p>\n","protected":false},"excerpt":{"rendered":"<p>La [&hellip;]<\/p>\n","protected":false},"author":3,"featured_media":0,"parent":0,"menu_order":0,"comment_status":"closed","ping_status":"closed","template":"","meta":{"footnotes":""},"class_list":["post-119","page","type-page","status-publish","hentry"],"_links":{"self":[{"href":"https:\/\/tesiasrl.it\/index.php?rest_route=\/wp\/v2\/pages\/119","targetHints":{"allow":["GET"]}}],"collection":[{"href":"https:\/\/tesiasrl.it\/index.php?rest_route=\/wp\/v2\/pages"}],"about":[{"href":"https:\/\/tesiasrl.it\/index.php?rest_route=\/wp\/v2\/types\/page"}],"author":[{"embeddable":true,"href":"https:\/\/tesiasrl.it\/index.php?rest_route=\/wp\/v2\/users\/3"}],"replies":[{"embeddable":true,"href":"https:\/\/tesiasrl.it\/index.php?rest_route=%2Fwp%2Fv2%2Fcomments&post=119"}],"version-history":[{"count":3,"href":"https:\/\/tesiasrl.it\/index.php?rest_route=\/wp\/v2\/pages\/119\/revisions"}],"predecessor-version":[{"id":624,"href":"https:\/\/tesiasrl.it\/index.php?rest_route=\/wp\/v2\/pages\/119\/revisions\/624"}],"wp:attachment":[{"href":"https:\/\/tesiasrl.it\/index.php?rest_route=%2Fwp%2Fv2%2Fmedia&parent=119"}],"curies":[{"name":"wp","href":"https:\/\/api.w.org\/{rel}","templated":true}]}}